{"id":3534,"date":"2024-02-14T20:33:29","date_gmt":"2024-02-14T18:33:29","guid":{"rendered":"https:\/\/tomaspalaciospey.com\/?page_id=3534"},"modified":"2024-03-05T19:50:39","modified_gmt":"2024-03-05T17:50:39","slug":"digital-nomad-espana","status":"publish","type":"page","link":"https:\/\/tomaspalaciospey.com\/en\/digital-nomad-espana\/","title":{"rendered":"DIGITAL NOMAD \u2013 Spain"},"content":{"rendered":"<div class=\"wp-block-group is-layout-flow wp-block-group-is-layout-flow\" style=\"margin-top:50px\">\n<div class=\"wp-block-query is-layout-flow wp-block-query-is-layout-flow\"><ul class=\"wp-block-post-template is-layout-flow wp-block-post-template-is-layout-flow\"><li class=\"wp-block-post post-7027 post type-post status-publish format-standard has-post-thumbnail hentry category-nd-espana\">\n\n<div class=\"wp-block-columns are-vertically-aligned-center has-tertiary-background-color has-background is-layout-flex wp-container-core-columns-is-layout-79fb870f wp-block-columns-is-layout-flex\" style=\"border-style:none;border-width:0px;border-radius:6px\">\n<div class=\"wp-block-column is-vertically-aligned-center is-layout-flow wp-block-column-is-layout-flow\" style=\"flex-basis:25%\"><figure style=\"aspect-ratio:16\/9;\" class=\"alignleft wp-block-post-featured-image\"><a href=\"https:\/\/tomaspalaciospey.com\/en\/cosas-que-hacer-en-barcelona-en-invierno-los-mejores-paseos-de-barcelona\/\" target=\"_self\"  ><img data-recalc-dims=\"1\" decoding=\"async\" width=\"1024\" height=\"576\" data-src=\"https:\/\/i0.wp.com\/tomaspalaciospey.com\/wp-content\/uploads\/2024\/09\/mejores.webp?resize=1024%2C576&#038;ssl=1\" class=\"attachment-post-thumbnail size-post-thumbnail wp-post-image lazyload\" alt=\"COSAS QUE HACER EN BARCELONA EN INVIERNO &#8211; LOS MEJORES PASEOS DE BARCELONA\" style=\"--smush-placeholder-width: 1024px; --smush-placeholder-aspect-ratio: 1024\/576;border-radius:6px;width:100%;height:100%;object-fit:cover;\" data-srcset=\"https:\/\/i0.wp.com\/tomaspalaciospey.com\/wp-content\/uploads\/2024\/09\/mejores.webp?w=1024&amp;ssl=1 1024w, https:\/\/i0.wp.com\/tomaspalaciospey.com\/wp-content\/uploads\/2024\/09\/mejores.webp?resize=300%2C169&amp;ssl=1 300w, https:\/\/i0.wp.com\/tomaspalaciospey.com\/wp-content\/uploads\/2024\/09\/mejores.webp?resize=768%2C432&amp;ssl=1 768w, https:\/\/i0.wp.com\/tomaspalaciospey.com\/wp-content\/uploads\/2024\/09\/mejores.webp?resize=18%2C10&amp;ssl=1 18w\" data-sizes=\"(max-width: 1000px) 100vw, 1000px\" data-attachment-id=\"7028\" data-permalink=\"https:\/\/tomaspalaciospey.com\/en\/mejores\/\" data-orig-file=\"https:\/\/i0.wp.com\/tomaspalaciospey.com\/wp-content\/uploads\/2024\/09\/mejores.webp?fit=1024%2C576&amp;ssl=1\" data-orig-size=\"1024,576\" data-comments-opened=\"1\" data-image-meta=\"{&quot;aperture&quot;:&quot;0&quot;,&quot;credit&quot;:&quot;&quot;,&quot;camera&quot;:&quot;&quot;,&quot;caption&quot;:&quot;&quot;,&quot;created_timestamp&quot;:&quot;0&quot;,&quot;copyright&quot;:&quot;&quot;,&quot;focal_length&quot;:&quot;0&quot;,&quot;iso&quot;:&quot;0&quot;,&quot;shutter_speed&quot;:&quot;0&quot;,&quot;title&quot;:&quot;&quot;,&quot;orientation&quot;:&quot;0&quot;}\" data-image-title=\"mejores\" data-image-description=\"\" data-image-caption=\"\" data-large-file=\"https:\/\/i0.wp.com\/tomaspalaciospey.com\/wp-content\/uploads\/2024\/09\/mejores.webp?fit=1024%2C576&amp;ssl=1\" src=\"data:image\/svg+xml;base64,PHN2ZyB3aWR0aD0iMSIgaGVpZ2h0PSIxIiB4bWxucz0iaHR0cDovL3d3dy53My5vcmcvMjAwMC9zdmciPjwvc3ZnPg==\" \/><\/a><\/figure><\/div>\n\n\n\n<div class=\"wp-block-column is-vertically-aligned-center is-layout-flow wp-block-column-is-layout-flow\" style=\"flex-basis:75%\"><h2 style=\"font-style:normal;font-weight:800;line-height:1.7;text-transform:uppercase;\" class=\"has-link-color wp-elements-a08843499efd2a6dbb9cf558ed7f20cc wp-block-post-title has-medium-font-size\"><a href=\"https:\/\/tomaspalaciospey.com\/en\/cosas-que-hacer-en-barcelona-en-invierno-los-mejores-paseos-de-barcelona\/\" target=\"_self\" >THINGS TO DO IN BARCELONA IN WINTER \u2013 THE BEST TOURS IN BARCELONA<\/a><\/h2><\/div>\n<\/div>\n\n<\/li><li class=\"wp-block-post post-3583 post type-post status-publish format-standard has-post-thumbnail hentry category-nd-espana\">\n\n<div class=\"wp-block-columns are-vertically-aligned-center has-tertiary-background-color has-background is-layout-flex wp-container-core-columns-is-layout-79fb870f wp-block-columns-is-layout-flex\" style=\"border-style:none;border-width:0px;border-radius:6px\">\n<div class=\"wp-block-column is-vertically-aligned-center is-layout-flow wp-block-column-is-layout-flow\" style=\"flex-basis:25%\"><figure style=\"aspect-ratio:16\/9;\" class=\"alignleft wp-block-post-featured-image\"><a href=\"https:\/\/tomaspalaciospey.com\/en\/nomada-digital-en-espana-barcelona\/\" target=\"_self\"  ><img data-recalc-dims=\"1\" decoding=\"async\" width=\"1274\" height=\"678\" data-src=\"https:\/\/i0.wp.com\/tomaspalaciospey.com\/wp-content\/uploads\/2023\/06\/captura-de-pantalla_2023-06-27_12-39-30.png?resize=1274%2C678&#038;ssl=1\" class=\"attachment-post-thumbnail size-post-thumbnail wp-post-image lazyload\" alt=\"N\u00d3MADA DIGITAL EN ESPA\u00d1A &#8211; BARCELONA\" style=\"--smush-placeholder-width: 1274px; --smush-placeholder-aspect-ratio: 1274\/678;border-radius:6px;width:100%;height:100%;object-fit:cover;\" data-attachment-id=\"351\" data-permalink=\"https:\/\/tomaspalaciospey.com\/en\/captura-de-pantalla_2023-06-27_12-39-30\/\" data-orig-file=\"https:\/\/i0.wp.com\/tomaspalaciospey.com\/wp-content\/uploads\/2023\/06\/captura-de-pantalla_2023-06-27_12-39-30.png?fit=1274%2C678&amp;ssl=1\" data-orig-size=\"1274,678\" data-comments-opened=\"1\" data-image-meta=\"{&quot;aperture&quot;:&quot;0&quot;,&quot;credit&quot;:&quot;&quot;,&quot;camera&quot;:&quot;&quot;,&quot;caption&quot;:&quot;&quot;,&quot;created_timestamp&quot;:&quot;0&quot;,&quot;copyright&quot;:&quot;&quot;,&quot;focal_length&quot;:&quot;0&quot;,&quot;iso&quot;:&quot;0&quot;,&quot;shutter_speed&quot;:&quot;0&quot;,&quot;title&quot;:&quot;&quot;,&quot;orientation&quot;:&quot;0&quot;}\" data-image-title=\"Captura de pantalla_2023-06-27_12-39-30\" data-image-description=\"\" data-image-caption=\"\" data-large-file=\"https:\/\/i0.wp.com\/tomaspalaciospey.com\/wp-content\/uploads\/2023\/06\/captura-de-pantalla_2023-06-27_12-39-30.png?fit=1024%2C545&amp;ssl=1\" src=\"data:image\/svg+xml;base64,PHN2ZyB3aWR0aD0iMSIgaGVpZ2h0PSIxIiB4bWxucz0iaHR0cDovL3d3dy53My5vcmcvMjAwMC9zdmciPjwvc3ZnPg==\" \/><\/a><\/figure><\/div>\n\n\n\n<div class=\"wp-block-column is-vertically-aligned-center is-layout-flow wp-block-column-is-layout-flow\" style=\"flex-basis:75%\"><h2 style=\"font-style:normal;font-weight:800;line-height:1.7;text-transform:uppercase;\" class=\"has-link-color wp-elements-a08843499efd2a6dbb9cf558ed7f20cc wp-block-post-title has-medium-font-size\"><a href=\"https:\/\/tomaspalaciospey.com\/en\/nomada-digital-en-espana-barcelona\/\" target=\"_self\" >DIGITAL NOMAD IN SPAIN \u2013 BARCELONA<\/a><\/h2><\/div>\n<\/div>\n\n<\/li><li class=\"wp-block-post post-3578 post type-post status-publish format-standard has-post-thumbnail hentry category-nd-espana category-nd-info\">\n\n<div class=\"wp-block-columns are-vertically-aligned-center has-tertiary-background-color has-background is-layout-flex wp-container-core-columns-is-layout-79fb870f wp-block-columns-is-layout-flex\" style=\"border-style:none;border-width:0px;border-radius:6px\">\n<div class=\"wp-block-column is-vertically-aligned-center is-layout-flow wp-block-column-is-layout-flow\" style=\"flex-basis:25%\"><figure style=\"aspect-ratio:16\/9;\" class=\"alignleft wp-block-post-featured-image\"><a href=\"https:\/\/tomaspalaciospey.com\/en\/que-es-un-coliving\/\" target=\"_self\"  ><img data-recalc-dims=\"1\" decoding=\"async\" width=\"1280\" height=\"670\" data-src=\"https:\/\/i0.wp.com\/tomaspalaciospey.com\/wp-content\/uploads\/2023\/06\/captura-de-pantalla_2023-06-26_16-39-56.png?resize=1280%2C670&#038;ssl=1\" class=\"attachment-post-thumbnail size-post-thumbnail wp-post-image lazyload\" alt=\"QUE ES UN\u00a0COLIVING &#8211; BARCELONA\" style=\"--smush-placeholder-width: 1280px; --smush-placeholder-aspect-ratio: 1280\/670;border-radius:6px;width:100%;height:100%;object-fit:cover;\" data-attachment-id=\"306\" data-permalink=\"https:\/\/tomaspalaciospey.com\/en\/captura-de-pantalla_2023-06-26_16-39-56\/\" data-orig-file=\"https:\/\/i0.wp.com\/tomaspalaciospey.com\/wp-content\/uploads\/2023\/06\/captura-de-pantalla_2023-06-26_16-39-56.png?fit=1280%2C670&amp;ssl=1\" data-orig-size=\"1280,670\" data-comments-opened=\"1\" data-image-meta=\"{&quot;aperture&quot;:&quot;0&quot;,&quot;credit&quot;:&quot;&quot;,&quot;camera&quot;:&quot;&quot;,&quot;caption&quot;:&quot;&quot;,&quot;created_timestamp&quot;:&quot;0&quot;,&quot;copyright&quot;:&quot;&quot;,&quot;focal_length&quot;:&quot;0&quot;,&quot;iso&quot;:&quot;0&quot;,&quot;shutter_speed&quot;:&quot;0&quot;,&quot;title&quot;:&quot;&quot;,&quot;orientation&quot;:&quot;0&quot;}\" data-image-title=\"Captura de pantalla_2023-06-26_16-39-56\" data-image-description=\"\" data-image-caption=\"\" data-large-file=\"https:\/\/i0.wp.com\/tomaspalaciospey.com\/wp-content\/uploads\/2023\/06\/captura-de-pantalla_2023-06-26_16-39-56.png?fit=1024%2C536&amp;ssl=1\" src=\"data:image\/svg+xml;base64,PHN2ZyB3aWR0aD0iMSIgaGVpZ2h0PSIxIiB4bWxucz0iaHR0cDovL3d3dy53My5vcmcvMjAwMC9zdmciPjwvc3ZnPg==\" \/><\/a><\/figure><\/div>\n\n\n\n<div class=\"wp-block-column is-vertically-aligned-center is-layout-flow wp-block-column-is-layout-flow\" style=\"flex-basis:75%\"><h2 style=\"font-style:normal;font-weight:800;line-height:1.7;text-transform:uppercase;\" class=\"has-link-color wp-elements-a08843499efd2a6dbb9cf558ed7f20cc wp-block-post-title has-medium-font-size\"><a href=\"https:\/\/tomaspalaciospey.com\/en\/que-es-un-coliving\/\" target=\"_self\" >THAT IS A COLIVING \u2013 BARCELONA<\/a><\/h2><\/div>\n<\/div>\n\n<\/li><\/ul><\/div>\n<\/div>","protected":false},"excerpt":{"rendered":"","protected":false},"author":236486066,"featured_media":0,"parent":0,"menu_order":0,"comment_status":"closed","ping_status":"closed","template":"","meta":{"_crdt_document":"","_surecart_dashboard_logo_width":"180px","_surecart_dashboard_show_logo":true,"_surecart_dashboard_navigation_orders":true,"_surecart_dashboard_navigation_invoices":true,"_surecart_dashboard_navigation_subscriptions":true,"_surecart_dashboard_navigation_downloads":true,"_surecart_dashboard_navigation_billing":true,"_surecart_dashboard_navigation_account":true,"_uag_custom_page_level_css":"","advanced_seo_description":"","jetpack_seo_html_title":"","jetpack_seo_noindex":false,"footnotes":""},"class_list":["post-3534","page","type-page","status-publish","hentry"],"uagb_featured_image_src":{"full":false,"thumbnail":false,"medium":false,"medium_large":false,"large":false,"1536x1536":false,"2048x2048":false,"trp-custom-language-flag":false,"newspack-article-block-landscape-large":false,"newspack-article-block-portrait-large":false,"newspack-article-block-square-large":false,"newspack-article-block-landscape-medium":false,"newspack-article-block-portrait-medium":false,"newspack-article-block-square-medium":false,"newspack-article-block-landscape-intermediate":false,"newspack-article-block-portrait-intermediate":false,"newspack-article-block-square-intermediate":false,"newspack-article-block-landscape-small":false,"newspack-article-block-portrait-small":false,"newspack-article-block-square-small":false,"newspack-article-block-landscape-tiny":false,"newspack-article-block-portrait-tiny":false,"newspack-article-block-square-tiny":false,"newspack-article-block-uncropped":false},"uagb_author_info":{"display_name":"nanhoi94","author_link":"https:\/\/tomaspalaciospey.com\/en\/author\/nanhoi94\/"},"uagb_comment_info":0,"uagb_excerpt":null,"jetpack_likes_enabled":true,"jetpack_sharing_enabled":true,"jetpack_shortlink":"https:\/\/wp.me\/PeTvYT-V0","jetpack-related-posts":[{"id":3181,"url":"https:\/\/tomaspalaciospey.com\/en\/digital-nomad\/","url_meta":{"origin":3534,"position":0},"title":"DIGITAL NOMAD","author":"nanhoi94","date":"9 de February de 2024","format":false,"excerpt":"Aqu\u00ed encontrar\u00e1s toda la informaci\u00f3n relacionada a la vida como N\u00d3MADA DIGITAL.Desde qu\u00e9 es, c\u00f3mo es, cuanto cuesta, como lograrlo y muchas m\u00e1s experiencias que compartir\u00e9 para que vos tambi\u00e9n te enriquezcas de conocimiento y entre todos nos ayudemos a tener una vida mejor Apps & Tips Te comparto la\u2026","rel":"","context":"Similar post","block_context":{"text":"Similar post","link":""},"img":{"alt_text":"","src":"https:\/\/i0.wp.com\/tomaspalaciospey.com\/wp-content\/uploads\/2023\/06\/dion-y-olimpo-grecia-macedonia-1120726365-e1687796661171.jpg?fit=1200%2C675&ssl=1&resize=350%2C200","width":350,"height":200,"srcset":"https:\/\/i0.wp.com\/tomaspalaciospey.com\/wp-content\/uploads\/2023\/06\/dion-y-olimpo-grecia-macedonia-1120726365-e1687796661171.jpg?fit=1200%2C675&ssl=1&resize=350%2C200 1x, https:\/\/i0.wp.com\/tomaspalaciospey.com\/wp-content\/uploads\/2023\/06\/dion-y-olimpo-grecia-macedonia-1120726365-e1687796661171.jpg?fit=1200%2C675&ssl=1&resize=525%2C300 1.5x, https:\/\/i0.wp.com\/tomaspalaciospey.com\/wp-content\/uploads\/2023\/06\/dion-y-olimpo-grecia-macedonia-1120726365-e1687796661171.jpg?fit=1200%2C675&ssl=1&resize=700%2C400 2x, https:\/\/i0.wp.com\/tomaspalaciospey.com\/wp-content\/uploads\/2023\/06\/dion-y-olimpo-grecia-macedonia-1120726365-e1687796661171.jpg?fit=1200%2C675&ssl=1&resize=1050%2C600 3x"},"classes":[]},{"id":3536,"url":"https:\/\/tomaspalaciospey.com\/en\/digital-nomad-grecia\/","url_meta":{"origin":3534,"position":1},"title":"DIGITAL NOMAD \u2013\u00a0Grecia","author":"nanhoi94","date":"14 de February de 2024","format":false,"excerpt":"","rel":"","context":"Similar post","block_context":{"text":"Similar post","link":""},"img":{"alt_text":"","src":"","width":0,"height":0},"classes":[]},{"id":3530,"url":"https:\/\/tomaspalaciospey.com\/en\/dn-paratuvidadigital\/","url_meta":{"origin":3534,"position":2},"title":"DIGITAL NOMAD \u2013 For your life digital nomad","author":"nanhoi94","date":"14 de February de 2024","format":false,"excerpt":"","rel":"","context":"Similar post","block_context":{"text":"Similar post","link":""},"img":{"alt_text":"","src":"","width":0,"height":0},"classes":[]},{"id":3487,"url":"https:\/\/tomaspalaciospey.com\/en\/app-tips\/","url_meta":{"origin":3534,"position":3},"title":"APP &amp; TIPS","author":"nanhoi94","date":"14 de February de 2024","format":false,"excerpt":"Tanto lo bueno como lo malo hace falta compartirlo. Sean mis experiencias o la de gente que voy conociendo, dedicar\u00e9 esta secci\u00f3n para eso.No todo en mi blog es solo para n\u00f3madas digitales, muchas herramientas de utilidad son bienvenidas todo tipo de personas.","rel":"","context":"Similar post","block_context":{"text":"Similar post","link":""},"img":{"alt_text":"","src":"","width":0,"height":0},"classes":[]},{"id":4650,"url":"https:\/\/tomaspalaciospey.com\/en\/espana\/","url_meta":{"origin":3534,"position":4},"title":"SPAIN","author":"nanhoi94","date":"5 de March de 2024","format":false,"excerpt":"","rel":"","context":"Similar post","block_context":{"text":"Similar post","link":""},"img":{"alt_text":"","src":"","width":0,"height":0},"classes":[]},{"id":3226,"url":"https:\/\/tomaspalaciospey.com\/en\/viajes\/","url_meta":{"origin":3534,"position":5},"title":"TRIPS","author":"nanhoi94","date":"12 de February de 2024","format":false,"excerpt":"A cada ciudad que he visitado le he dedicado un video personalizado contando todo lo que pude ver y sentir. Y aqu\u00ed adem\u00e1s profundizar\u00e9 un poco m\u00e1s para que si algo faltaba en los videos, pueda ser complementado con una buena lectura.En mis videos tambi\u00e9n encontrar\u00e1s mucho contenido hist\u00f3rico (quiz\u00e1s\u2026","rel":"","context":"Similar post","block_context":{"text":"Similar post","link":""},"img":{"alt_text":"","src":"https:\/\/i0.wp.com\/tomaspalaciospey.com\/wp-content\/uploads\/2023\/07\/europa.jpg?resize=350%2C200&ssl=1","width":350,"height":200,"srcset":"https:\/\/i0.wp.com\/tomaspalaciospey.com\/wp-content\/uploads\/2023\/07\/europa.jpg?resize=350%2C200&ssl=1 1x, https:\/\/i0.wp.com\/tomaspalaciospey.com\/wp-content\/uploads\/2023\/07\/europa.jpg?resize=525%2C300&ssl=1 1.5x, https:\/\/i0.wp.com\/tomaspalaciospey.com\/wp-content\/uploads\/2023\/07\/europa.jpg?resize=700%2C400&ssl=1 2x, https:\/\/i0.wp.com\/tomaspalaciospey.com\/wp-content\/uploads\/2023\/07\/europa.jpg?resize=1050%2C600&ssl=1 3x, https:\/\/i0.wp.com\/tomaspalaciospey.com\/wp-content\/uploads\/2023\/07\/europa.jpg?resize=1400%2C800&ssl=1 4x"},"classes":[]}],"_links":{"self":[{"href":"https:\/\/tomaspalaciospey.com\/en\/wp-json\/wp\/v2\/pages\/3534","targetHints":{"allow":["GET"]}}],"collection":[{"href":"https:\/\/tomaspalaciospey.com\/en\/wp-json\/wp\/v2\/pages"}],"about":[{"href":"https:\/\/tomaspalaciospey.com\/en\/wp-json\/wp\/v2\/types\/page"}],"author":[{"embeddable":true,"href":"https:\/\/tomaspalaciospey.com\/en\/wp-json\/wp\/v2\/users\/236486066"}],"replies":[{"embeddable":true,"href":"https:\/\/tomaspalaciospey.com\/en\/wp-json\/wp\/v2\/comments?post=3534"}],"version-history":[{"count":4,"href":"https:\/\/tomaspalaciospey.com\/en\/wp-json\/wp\/v2\/pages\/3534\/revisions"}],"predecessor-version":[{"id":4605,"href":"https:\/\/tomaspalaciospey.com\/en\/wp-json\/wp\/v2\/pages\/3534\/revisions\/4605"}],"wp:attachment":[{"href":"https:\/\/tomaspalaciospey.com\/en\/wp-json\/wp\/v2\/media?parent=3534"}],"curies":[{"name":"wp","href":"https:\/\/api.w.org\/{rel}","templated":true}]}}